{"id":523,"date":"2025-09-09T09:48:18","date_gmt":"2025-09-09T14:48:18","guid":{"rendered":"https:\/\/getec.com.pe\/?page_id=523"},"modified":"2025-09-09T09:49:29","modified_gmt":"2025-09-09T14:49:29","slug":"523-2","status":"publish","type":"page","link":"https:\/\/getec.com.pe\/index.php\/523-2\/","title":{"rendered":"Libro de Reclamaciones"},"content":{"rendered":"\n[et_pb_section fb_built=\u00bb1&#8243; fullwidth=\u00bbon\u00bb _builder_version=\u00bb4.17.3&#8243; bottom_divider_color=\u00bb#FFFFFF\u00bb animation_style=\u00bbslide\u00bb animation_direction=\u00bbtop\u00bb animation_intensity_slide=\u00bb2%\u00bb animation_starting_opacity=\u00bb100%\u00bb locked=\u00bboff\u00bb global_colors_info=\u00bb{}\u00bb theme_builder_area=\u00bbpost_content\u00bb da_is_popup=\u00bboff\u00bb da_exit_intent=\u00bboff\u00bb da_has_close=\u00bbon\u00bb da_alt_close=\u00bboff\u00bb da_dark_close=\u00bboff\u00bb da_not_modal=\u00bbon\u00bb da_is_singular=\u00bboff\u00bb da_with_loader=\u00bboff\u00bb da_has_shadow=\u00bbon\u00bb da_disable_devices=\u00bboff|off|off\u00bb][et_pb_fullwidth_header title=\u00bbLibro de Reclamaciones\u00bb content_max_width=\u00bb800px\u00bb _builder_version=\u00bb4.17.3&#8243; title_level=\u00bbh2&#8243; title_font=\u00bbLato||||||||\u00bb title_font_size=\u00bb39px\u00bb content_font=\u00bb||||||||\u00bb content_font_size=\u00bb20px\u00bb content_line_height=\u00bb1.8em\u00bb background_color=\u00bbrgba(255, 255, 255, 0)\u00bb use_background_color_gradient=\u00bbon\u00bb background_color_gradient_start=\u00bbrgba(0,0,0,0.75)\u00bb background_color_gradient_end=\u00bbrgba(0,0,0,0)\u00bb background_color_gradient_direction=\u00bb90deg\u00bb background_color_gradient_overlays_image=\u00bbon\u00bb background_image=\u00bbhttps:\/\/getec.com.pe\/wp-content\/uploads\/2024\/03\/C-TERRAZA-3-scaled-1.jpg\u00bb custom_button_one=\u00bbon\u00bb button_one_text_size=\u00bb18px\u00bb button_one_bg_color=\u00bb#02d002&#8243; button_one_border_width=\u00bb8px\u00bb button_one_border_color=\u00bb#02d002&#8243; button_one_border_radius=\u00bb0px\u00bb button_one_letter_spacing=\u00bb1px\u00bb button_one_font=\u00bbLato|700|||||||\u00bb button_one_use_icon=\u00bboff\u00bb custom_button_two=\u00bbon\u00bb button_two_text_size=\u00bb18px\u00bb button_two_text_color=\u00bb#353740&#8243; button_two_bg_color=\u00bb#ffffff\u00bb button_two_border_width=\u00bb8px\u00bb button_two_border_color=\u00bb#ffffff\u00bb button_two_border_radius=\u00bb0px\u00bb button_two_letter_spacing=\u00bb1px\u00bb button_two_font=\u00bbLato|700|||||||\u00bb button_two_use_icon=\u00bboff\u00bb custom_margin=\u00bb|||\u00bb custom_padding=\u00bb8%||8%|\u00bb hover_enabled=\u00bb0&#8243; button_one_letter_spacing_hover=\u00bb1px\u00bb button_two_letter_spacing_hover=\u00bb1px\u00bb locked=\u00bboff\u00bb global_colors_info=\u00bb{}\u00bb button_one_text_size__hover_enabled=\u00bboff\u00bb button_two_text_size__hover_enabled=\u00bboff\u00bb button_one_text_color__hover_enabled=\u00bboff\u00bb button_two_text_color__hover_enabled=\u00bboff\u00bb button_one_border_width__hover_enabled=\u00bboff\u00bb button_two_border_width__hover_enabled=\u00bboff\u00bb button_one_border_color__hover_enabled=\u00bboff\u00bb button_two_border_color__hover_enabled=\u00bboff\u00bb button_one_border_radius__hover_enabled=\u00bboff\u00bb button_two_border_radius__hover_enabled=\u00bboff\u00bb button_one_letter_spacing__hover_enabled=\u00bbon\u00bb button_one_letter_spacing__hover=\u00bb1px\u00bb button_two_letter_spacing__hover_enabled=\u00bbon\u00bb button_two_letter_spacing__hover=\u00bb1px\u00bb button_one_bg_color__hover_enabled=\u00bboff\u00bb button_two_bg_color__hover_enabled=\u00bboff\u00bb theme_builder_area=\u00bbpost_content\u00bb sticky_enabled=\u00bb0&#8243; subhead=\u00bbConforme a lo establecido en el C\u00f3digo de Protecci\u00f3n y Defensa del Consumidor, esta instituci\u00f3n cuenta con un Libro de Reclamaciones a su disposici\u00f3n.\u00a0\u00ab][\/et_pb_fullwidth_header][\/et_pb_section][et_pb_section fb_built=\u00bb1&#8243; _builder_version=\u00bb4.21.0&#8243; _module_preset=\u00bbdefault\u00bb custom_padding=\u00bb4px|||||\u00bb global_colors_info=\u00bb{}\u00bb theme_builder_area=\u00bbpost_content\u00bb da_is_popup=\u00bboff\u00bb da_exit_intent=\u00bboff\u00bb da_has_close=\u00bbon\u00bb da_alt_close=\u00bboff\u00bb da_dark_close=\u00bboff\u00bb da_not_modal=\u00bbon\u00bb da_is_singular=\u00bboff\u00bb da_with_loader=\u00bboff\u00bb da_has_shadow=\u00bbon\u00bb da_disable_devices=\u00bboff|off|off\u00bb][et_pb_row _builder_version=\u00bb4.20.4&#8243; _module_preset=\u00bbdefault\u00bb custom_margin=\u00bb60px|auto||auto||\u00bb custom_padding=\u00bb21px|23px|21px|23px|true|true\u00bb hover_enabled=\u00bb0&#8243; border_radii=\u00bbon|20px|20px|20px|20px\u00bb box_shadow_style=\u00bbpreset1&#8243; box_shadow_blur=\u00bb9px\u00bb locked=\u00bboff\u00bb global_colors_info=\u00bb{}\u00bb theme_builder_area=\u00bbpost_content\u00bb sticky_enabled=\u00bb0&#8243;][et_pb_column type=\u00bb4_4&#8243; _builder_version=\u00bb4.20.4&#8243; _module_preset=\u00bbdefault\u00bb global_colors_info=\u00bb{}\u00bb theme_builder_area=\u00bbpost_content\u00bb][et_pb_contact_form captcha=\u00bboff\u00bb email=\u00bbfeguren@getec.com.pe\u00bb title=\u00bb DATOS\u00a0\u00bb custom_message=\u00bbHola, has recibido un mensaje del formulario de contacto de la web getec. Los datos recibidos son:||et_pb_line_break_holder||||et_pb_line_break_holder||%%Name%%||et_pb_line_break_holder||%%WhatsApp%%||et_pb_line_break_holder||%%Email%%||et_pb_line_break_holder||%%Message%%||et_pb_line_break_holder||||et_pb_line_break_holder||Atentamente,||et_pb_line_break_holder||||et_pb_line_break_holder||getec.com.pe\u00bb success_message=\u00bbNos comunicaremos contigo a la brevedad\u00bb _builder_version=\u00bb4.14.5&#8243; _module_preset=\u00bbdefault\u00bb _unique_id=\u00bb0ad6058a-4db8-4bc4-8afc-826dd4eabcdc\u00bb title_font=\u00bb|700|||||||\u00bb title_text_color=\u00bb#4143A1&#8243; title_font_size=\u00bb17px\u00bb title_line_height=\u00bb1.7em\u00bb custom_button=\u00bbon\u00bb button_text_color=\u00bb#FFFFFF\u00bb button_bg_color=\u00bb#54C046&#8243; button_border_width=\u00bb-1px\u00bb button_border_radius=\u00bb14px\u00bb custom_margin=\u00bb2px|||||\u00bb hover_enabled=\u00bb0&#8243; global_colors_info=\u00bb{}\u00bb theme_builder_area=\u00bbpost_content\u00bb sticky_enabled=\u00bb0&#8243;][et_pb_contact_field field_id=\u00bbName\u00bb field_title=\u00bbNombre y Apellido\u00bb _builder_version=\u00bb4.14.5&#8243; hover_enabled=\u00bb0&#8243; global_colors_info=\u00bb{}\u00bb button_text_size__hover_enabled=\u00bboff\u00bb button_one_text_size__hover_enabled=\u00bboff\u00bb button_two_text_size__hover_enabled=\u00bboff\u00bb button_text_color__hover_enabled=\u00bboff\u00bb button_one_text_color__hover_enabled=\u00bboff\u00bb button_two_text_color__hover_enabled=\u00bboff\u00bb button_border_width__hover_enabled=\u00bboff\u00bb button_one_border_width__hover_enabled=\u00bboff\u00bb button_two_border_width__hover_enabled=\u00bboff\u00bb button_border_color__hover_enabled=\u00bboff\u00bb button_one_border_color__hover_enabled=\u00bboff\u00bb button_two_border_color__hover_enabled=\u00bboff\u00bb button_border_radius__hover_enabled=\u00bboff\u00bb button_one_border_radius__hover_enabled=\u00bboff\u00bb button_two_border_radius__hover_enabled=\u00bboff\u00bb button_letter_spacing__hover_enabled=\u00bboff\u00bb button_one_letter_spacing__hover_enabled=\u00bboff\u00bb button_two_letter_spacing__hover_enabled=\u00bboff\u00bb button_bg_color__hover_enabled=\u00bboff\u00bb button_one_bg_color__hover_enabled=\u00bboff\u00bb button_two_bg_color__hover_enabled=\u00bboff\u00bb theme_builder_area=\u00bbpost_content\u00bb sticky_enabled=\u00bb0&#8243;][\/et_pb_contact_field][et_pb_contact_field field_id=\u00bbWhatsApp\u00bb field_title=\u00bbCelular\u00bb _builder_version=\u00bb4.14.5&#8243; _module_preset=\u00bbdefault\u00bb hover_enabled=\u00bb0&#8243; global_colors_info=\u00bb{}\u00bb theme_builder_area=\u00bbpost_content\u00bb sticky_enabled=\u00bb0&#8243;][\/et_pb_contact_field][et_pb_contact_field field_id=\u00bbEmail\u00bb field_title=\u00bbDirecci\u00f3n de correo electr\u00f3nico\u00bb field_type=\u00bbemail\u00bb fullwidth_field=\u00bbon\u00bb _builder_version=\u00bb4.14.5&#8243; hover_enabled=\u00bb0&#8243; global_colors_info=\u00bb{}\u00bb button_text_size__hover_enabled=\u00bboff\u00bb button_one_text_size__hover_enabled=\u00bboff\u00bb button_two_text_size__hover_enabled=\u00bboff\u00bb button_text_color__hover_enabled=\u00bboff\u00bb button_one_text_color__hover_enabled=\u00bboff\u00bb button_two_text_color__hover_enabled=\u00bboff\u00bb button_border_width__hover_enabled=\u00bboff\u00bb button_one_border_width__hover_enabled=\u00bboff\u00bb button_two_border_width__hover_enabled=\u00bboff\u00bb button_border_color__hover_enabled=\u00bboff\u00bb button_one_border_color__hover_enabled=\u00bboff\u00bb button_two_border_color__hover_enabled=\u00bboff\u00bb button_border_radius__hover_enabled=\u00bboff\u00bb button_one_border_radius__hover_enabled=\u00bboff\u00bb button_two_border_radius__hover_enabled=\u00bboff\u00bb button_letter_spacing__hover_enabled=\u00bboff\u00bb button_one_letter_spacing__hover_enabled=\u00bboff\u00bb button_two_letter_spacing__hover_enabled=\u00bboff\u00bb button_bg_color__hover_enabled=\u00bboff\u00bb button_one_bg_color__hover_enabled=\u00bboff\u00bb button_two_bg_color__hover_enabled=\u00bboff\u00bb theme_builder_area=\u00bbpost_content\u00bb max_width=\u00bb100%\u00bb sticky_enabled=\u00bb0&#8243; width=\u00bb100%\u00bb][\/et_pb_contact_field][et_pb_contact_field _builder_version=\u00bb4.14.5&#8243; _module_preset=\u00bbdefault\u00bb theme_builder_area=\u00bbpost_content\u00bb field_id=\u00bbTipo_de_Documento\u00bb field_title=\u00bbTipo de Documento\u00bb hover_enabled=\u00bb0&#8243; sticky_enabled=\u00bb0&#8243; field_type=\u00bbselect\u00bb select_options=\u00bb%91{%22value%22:%22DNI%22,%22checked%22:0,%22dragID%22:-1},{%22value%22:%22RUC%22,%22checked%22:0,%22dragID%22:0},{%22value%22:%22CE%22,%22checked%22:0,%22dragID%22:1},{%22value%22:%22Otros%22,%22checked%22:0,%22dragID%22:2}%93&#8243; max_width=\u00bb100%\u00bb][\/et_pb_contact_field][et_pb_contact_field _builder_version=\u00bb4.14.5&#8243; _module_preset=\u00bbdefault\u00bb theme_builder_area=\u00bbpost_content\u00bb field_title=\u00bbN\u00famero de Documento\u00bb hover_enabled=\u00bb0&#8243; sticky_enabled=\u00bb0&#8243; field_id=\u00bbN\u00famero_de_Documento\u00bb][\/et_pb_contact_field][et_pb_contact_field _builder_version=\u00bb4.14.5&#8243; _module_preset=\u00bbdefault\u00bb theme_builder_area=\u00bbpost_content\u00bb field_id=\u00bbDepartamento\u00bb field_title=\u00bbDepartamento\u00bb hover_enabled=\u00bb0&#8243; sticky_enabled=\u00bb0&#8243;][\/et_pb_contact_field][et_pb_contact_field _builder_version=\u00bb4.14.5&#8243; _module_preset=\u00bbdefault\u00bb theme_builder_area=\u00bbpost_content\u00bb field_id=\u00bbProvincia\u00bb field_title=\u00bbProvincia\u00bb hover_enabled=\u00bb0&#8243; sticky_enabled=\u00bb0&#8243;][\/et_pb_contact_field][et_pb_contact_field _builder_version=\u00bb4.14.5&#8243; _module_preset=\u00bbdefault\u00bb theme_builder_area=\u00bbpost_content\u00bb field_title=\u00bbDistrito \u00bb field_id=\u00bbDistrito\u00bb hover_enabled=\u00bb0&#8243; sticky_enabled=\u00bb0&#8243;][\/et_pb_contact_field][et_pb_contact_field _builder_version=\u00bb4.14.5&#8243; _module_preset=\u00bbdefault\u00bb theme_builder_area=\u00bbpost_content\u00bb field_id=\u00bbDirecci\u00f3n\u00bb field_title=\u00bbDirecci\u00f3n\u00bb hover_enabled=\u00bb0&#8243; sticky_enabled=\u00bb0&#8243;][\/et_pb_contact_field][et_pb_contact_field _builder_version=\u00bb4.14.5&#8243; _module_preset=\u00bbdefault\u00bb theme_builder_area=\u00bbpost_content\u00bb field_id=\u00bbTipo_de_Reclamo\u00bb field_type=\u00bbselect\u00bb select_options=\u00bb%91{%22value%22:%22Reclamo%22,%22checked%22:0,%22dragID%22:-1},{%22value%22:%22Queja%22,%22checked%22:0,%22dragID%22:0}%93&#8243; hover_enabled=\u00bb0&#8243; sticky_enabled=\u00bb0&#8243; field_title=\u00bbTipo de Reclamo\u00bb][\/et_pb_contact_field][et_pb_contact_field _builder_version=\u00bb4.14.5&#8243; _module_preset=\u00bbdefault\u00bb theme_builder_area=\u00bbpost_content\u00bb field_id=\u00bbIdentificaci\u00f3n_del_bien_tratado\u00bb field_type=\u00bbselect\u00bb select_options=\u00bb%91{%22value%22:%22Producto%22,%22checked%22:0,%22dragID%22:-1},{%22value%22:%22Servicio%22,%22checked%22:0,%22dragID%22:0}%93&#8243; hover_enabled=\u00bb0&#8243; sticky_enabled=\u00bb0&#8243; field_title=\u00bbIdentificaci\u00f3n del bien tratado\u00bb][\/et_pb_contact_field][et_pb_contact_field field_id=\u00bbDetalle_del_reclamo_o_queja\u00bb field_title=\u00bbDetalle del reclamo o queja\u00bb field_type=\u00bbtext\u00bb fullwidth_field=\u00bbon\u00bb _builder_version=\u00bb4.14.5&#8243; hover_enabled=\u00bb0&#8243; global_colors_info=\u00bb{}\u00bb button_text_size__hover_enabled=\u00bboff\u00bb button_one_text_size__hover_enabled=\u00bboff\u00bb button_two_text_size__hover_enabled=\u00bboff\u00bb button_text_color__hover_enabled=\u00bboff\u00bb button_one_text_color__hover_enabled=\u00bboff\u00bb button_two_text_color__hover_enabled=\u00bboff\u00bb button_border_width__hover_enabled=\u00bboff\u00bb button_one_border_width__hover_enabled=\u00bboff\u00bb button_two_border_width__hover_enabled=\u00bboff\u00bb button_border_color__hover_enabled=\u00bboff\u00bb button_one_border_color__hover_enabled=\u00bboff\u00bb button_two_border_color__hover_enabled=\u00bboff\u00bb button_border_radius__hover_enabled=\u00bboff\u00bb button_one_border_radius__hover_enabled=\u00bboff\u00bb button_two_border_radius__hover_enabled=\u00bboff\u00bb button_letter_spacing__hover_enabled=\u00bboff\u00bb button_one_letter_spacing__hover_enabled=\u00bboff\u00bb button_two_letter_spacing__hover_enabled=\u00bboff\u00bb button_bg_color__hover_enabled=\u00bboff\u00bb button_one_bg_color__hover_enabled=\u00bboff\u00bb button_two_bg_color__hover_enabled=\u00bboff\u00bb theme_builder_area=\u00bbpost_content\u00bb sticky_enabled=\u00bb0&#8243;][\/et_pb_contact_field][\/et_pb_contact_form][et_pb_blurb _builder_version=\u00bb4.14.5&#8243; _module_preset=\u00bbdefault\u00bb theme_builder_area=\u00bbpost_content\u00bb hover_enabled=\u00bb0&#8243; sticky_enabled=\u00bb0&#8243;]<p>De acuerdo a lo dispuesto por el Reglamento del Libro de Reclamaciones del C\u00f3digo de Protecci\u00f3n y Defensa del Consumidor, el Libro de Reclamaciones Virtual podr\u00e1 ser usado por los consumidores a trav\u00e9s de la p\u00e1gina web de Uno Nueve para interponer Quejas y Reclamos. A los usuarios que realicen su reclamo o queja online a trav\u00e9s de los medios brindados en la plataforma de GETEC (<a href=\"http:\/\/www.getec.com.pe\">www.getec.com.pe<\/a>)\u00a0se les informa que los mismos ser\u00e1n tratados conforme nuestra Pol\u00edtica de Privacidad y Protecci\u00f3n de Datos Personales, con la finalidad de dar respuesta a sus comunicaciones dentro del plazo de ley.<\/p>\n<p>GESTI\u00d3N, ENERG\u00cdA Y TECNOLOG\u00cdA S.A.C<br \/><em>RUC 20602176194<\/em><\/p>[\/et_pb_blurb][\/et_pb_column][\/et_pb_row][\/et_pb_section]\n","protected":false},"excerpt":{"rendered":"<p>De acuerdo a lo dispuesto por el Reglamento del Libro de Reclamaciones del C\u00f3digo de Protecci\u00f3n y Defensa del Consumidor, el Libro de Reclamaciones Virtual podr\u00e1 ser usado por los consumidores a trav\u00e9s de la p\u00e1gina web de Uno Nueve para interponer Quejas y Reclamos. A los usuarios que realicen su reclamo o queja online [&hellip;]<\/p>\n","protected":false},"author":1,"featured_media":0,"parent":0,"menu_order":0,"comment_status":"closed","ping_status":"closed","template":"","meta":{"_et_pb_use_builder":"on","_et_pb_old_content":"","_et_gb_content_width":"","footnotes":""},"class_list":["post-523","page","type-page","status-publish","hentry"],"_links":{"self":[{"href":"https:\/\/getec.com.pe\/index.php\/wp-json\/wp\/v2\/pages\/523","targetHints":{"allow":["GET"]}}],"collection":[{"href":"https:\/\/getec.com.pe\/index.php\/wp-json\/wp\/v2\/pages"}],"about":[{"href":"https:\/\/getec.com.pe\/index.php\/wp-json\/wp\/v2\/types\/page"}],"author":[{"embeddable":true,"href":"https:\/\/getec.com.pe\/index.php\/wp-json\/wp\/v2\/users\/1"}],"replies":[{"embeddable":true,"href":"https:\/\/getec.com.pe\/index.php\/wp-json\/wp\/v2\/comments?post=523"}],"version-history":[{"count":9,"href":"https:\/\/getec.com.pe\/index.php\/wp-json\/wp\/v2\/pages\/523\/revisions"}],"predecessor-version":[{"id":540,"href":"https:\/\/getec.com.pe\/index.php\/wp-json\/wp\/v2\/pages\/523\/revisions\/540"}],"wp:attachment":[{"href":"https:\/\/getec.com.pe\/index.php\/wp-json\/wp\/v2\/media?parent=523"}],"curies":[{"name":"wp","href":"https:\/\/api.w.org\/{rel}","templated":true}]}}