{"id":203,"date":"2024-03-28T20:17:28","date_gmt":"2024-03-29T01:17:28","guid":{"rendered":"https:\/\/getec.com.pe\/?page_id=203"},"modified":"2024-03-28T21:30:20","modified_gmt":"2024-03-29T02:30:20","slug":"rooftops","status":"publish","type":"page","link":"https:\/\/getec.com.pe\/index.php\/ruphay-2\/galeria\/hoteles\/rooftops\/","title":{"rendered":"Rooftops"},"content":{"rendered":"<p>[et_pb_section fb_built=\u00bb1&#8243; disabled_on=\u00bboff|off|off\u00bb _builder_version=\u00bb4.18.0&#8243; _module_preset=\u00bbdefault\u00bb global_colors_info=\u00bb{}\u00bb da_is_popup=\u00bboff\u00bb da_exit_intent=\u00bboff\u00bb da_has_close=\u00bbon\u00bb da_alt_close=\u00bboff\u00bb da_dark_close=\u00bboff\u00bb da_not_modal=\u00bbon\u00bb da_is_singular=\u00bboff\u00bb da_with_loader=\u00bboff\u00bb da_has_shadow=\u00bbon\u00bb da_disable_devices=\u00bboff|off|off\u00bb][et_pb_row _builder_version=\u00bb4.21.0&#8243; _module_preset=\u00bbdefault\u00bb custom_margin=\u00bb|auto|33px|auto|false|false\u00bb custom_padding=\u00bb||0px|||\u00bb border_width_bottom=\u00bb1px\u00bb border_color_bottom=\u00bb#E02B20&#8243; locked=\u00bboff\u00bb global_colors_info=\u00bb{}\u00bb][et_pb_column type=\u00bb4_4&#8243; _builder_version=\u00bb4.21.0&#8243; _module_preset=\u00bbdefault\u00bb global_colors_info=\u00bb{}\u00bb][et_pb_text _builder_version=\u00bb4.21.0&#8243; _module_preset=\u00bbdefault\u00bb text_font=\u00bb|800||on|||||\u00bb text_text_color=\u00bb#8b96a1&#8243; text_font_size=\u00bb30px\u00bb text_letter_spacing=\u00bb1px\u00bb custom_margin=\u00bb||10px|\u00bb global_colors_info=\u00bb{}\u00bb]<\/p>\n<p style=\"text-align: center;\">ROOFTOPS<\/p>\n<p>[\/et_pb_text][\/et_pb_column][\/et_pb_row][et_pb_row disabled_on=\u00bbon|on|off\u00bb _builder_version=\u00bb4.18.0&#8243; _module_preset=\u00bbdefault\u00bb global_colors_info=\u00bb{}\u00bb][et_pb_column type=\u00bb4_4&#8243; _builder_version=\u00bb4.18.0&#8243; _module_preset=\u00bbdefault\u00bb global_colors_info=\u00bb{}\u00bb][et_pb_gallery gallery_ids=\u00bb192,186,187,188,191,190&#8243; posts_number=\u00bb48&#8243; show_title_and_caption=\u00bboff\u00bb show_pagination=\u00bboff\u00bb zoom_icon_color=\u00bbRGBA(255,255,255,0)\u00bb hover_overlay_color=\u00bbRGBA(255,255,255,0)\u00bb _builder_version=\u00bb4.20.0&#8243; _module_preset=\u00bbdefault\u00bb border_color_all_image=\u00bbRGBA(255,255,255,0)\u00bb global_colors_info=\u00bb{}\u00bb][\/et_pb_gallery][\/et_pb_column][\/et_pb_row][et_pb_row disabled_on=\u00bboff|off|on\u00bb _builder_version=\u00bb4.18.0&#8243; _module_preset=\u00bbdefault\u00bb global_colors_info=\u00bb{}\u00bb][et_pb_column type=\u00bb4_4&#8243; _builder_version=\u00bb4.18.0&#8243; _module_preset=\u00bbdefault\u00bb global_colors_info=\u00bb{}\u00bb][et_pb_image src=\u00bbhttps:\/\/getec.com.pe\/wp-content\/uploads\/2024\/03\/Getec-Rooftop-1.png\u00bb title_text=\u00bbGetec Rooftop (1)\u00bb _builder_version=\u00bb4.20.0&#8243; _module_preset=\u00bbdefault\u00bb global_colors_info=\u00bb{}\u00bb][\/et_pb_image][et_pb_image src=\u00bbhttps:\/\/getec.com.pe\/wp-content\/uploads\/2024\/03\/Getec-Rooftop-2.png\u00bb title_text=\u00bbGetec Rooftop (2)\u00bb _builder_version=\u00bb4.20.0&#8243; _module_preset=\u00bbdefault\u00bb global_colors_info=\u00bb{}\u00bb][\/et_pb_image][et_pb_image src=\u00bbhttps:\/\/getec.com.pe\/wp-content\/uploads\/2024\/03\/Getec-Rooftop-3.png\u00bb title_text=\u00bbGetec Rooftop (3)\u00bb _builder_version=\u00bb4.20.0&#8243; _module_preset=\u00bbdefault\u00bb global_colors_info=\u00bb{}\u00bb][\/et_pb_image][et_pb_image src=\u00bbhttps:\/\/getec.com.pe\/wp-content\/uploads\/2024\/03\/Getec-Rooftop-4.png\u00bb title_text=\u00bbGetec Rooftop (4)\u00bb _builder_version=\u00bb4.20.0&#8243; _module_preset=\u00bbdefault\u00bb global_colors_info=\u00bb{}\u00bb][\/et_pb_image][et_pb_image src=\u00bbhttps:\/\/getec.com.pe\/wp-content\/uploads\/2024\/03\/Getec-Rooftop-5.png\u00bb title_text=\u00bbGetec Rooftop (5)\u00bb _builder_version=\u00bb4.20.0&#8243; _module_preset=\u00bbdefault\u00bb global_colors_info=\u00bb{}\u00bb][\/et_pb_image][et_pb_image src=\u00bbhttps:\/\/getec.com.pe\/wp-content\/uploads\/2024\/03\/Calefactores-Getec-81.jpg\u00bb title_text=\u00bbCalefactores Getec 81&#8243; _builder_version=\u00bb4.18.0&#8243; _module_preset=\u00bbdefault\u00bb global_colors_info=\u00bb{}\u00bb][\/et_pb_image][\/et_pb_column][\/et_pb_row][\/et_pb_section][et_pb_section fb_built=\u00bb1&#8243; disabled_on=\u00bboff|off|off\u00bb admin_label=\u00bbFeature Section\u00bb _builder_version=\u00bb4.17.3&#8243; _module_preset=\u00bbdefault\u00bb custom_margin=\u00bb8px|||||\u00bb custom_padding=\u00bb2px||2px||true|\u00bb saved_tabs=\u00bball\u00bb locked=\u00bboff\u00bb global_colors_info=\u00bb{}\u00bb da_is_popup=\u00bboff\u00bb da_exit_intent=\u00bboff\u00bb da_has_close=\u00bbon\u00bb da_alt_close=\u00bboff\u00bb da_dark_close=\u00bboff\u00bb da_not_modal=\u00bbon\u00bb da_is_singular=\u00bboff\u00bb da_with_loader=\u00bboff\u00bb da_has_shadow=\u00bbon\u00bb da_disable_devices=\u00bboff|off|off\u00bb][et_pb_row _builder_version=\u00bb4.17.3&#8243; _module_preset=\u00bbdefault\u00bb custom_margin=\u00bb16px|auto||auto||\u00bb locked=\u00bboff\u00bb global_colors_info=\u00bb{}\u00bb][et_pb_column type=\u00bb4_4&#8243; _builder_version=\u00bb4.17.3&#8243; _module_preset=\u00bbdefault\u00bb global_colors_info=\u00bb{}\u00bb][et_pb_accordion open_toggle_text_color=\u00bb#4143A1&#8243; closed_toggle_text_color=\u00bb#4143A1&#8243; icon_color=\u00bb#0072ff\u00bb module_class=\u00bbmy_accordion\u00bb _builder_version=\u00bb4.21.0&#8243; _module_preset=\u00bbdefault\u00bb toggle_font=\u00bbBungee||||||||\u00bb toggle_letter_spacing=\u00bb1px\u00bb toggle_line_height=\u00bb1.5em\u00bb body_font=\u00bb||||||||\u00bb body_font_size=\u00bb16px\u00bb body_line_height=\u00bb1.8em\u00bb custom_margin=\u00bb-5px|||||\u00bb animation_style=\u00bbslide\u00bb animation_direction=\u00bbbottom\u00bb animation_intensity_slide=\u00bb5%\u00bb border_width_all=\u00bb0px\u00bb border_width_bottom=\u00bb3px\u00bb global_colors_info=\u00bb{}\u00bb][et_pb_accordion_item title=\u00bb\u00bfD\u00d3NDE SE PUEDEN INSTALAR LOS CALEFACTORES RUPHAY?\u00bb open=\u00bbon\u00bb open_toggle_text_color=\u00bb#E02B20&#8243; open_toggle_background_color=\u00bbRGBA(255,255,255,0)\u00bb closed_toggle_background_color=\u00bbRGBA(255,255,255,0)\u00bb icon_color=\u00bb#54C046&#8243; _builder_version=\u00bb4.21.0&#8243; _module_preset=\u00bbdefault\u00bb custom_margin=\u00bb||0px|\u00bb custom_padding=\u00bb30px||30px|0px|true\u00bb global_colors_info=\u00bb{}\u00bb toggle_text_color=\u00bb#E02B20&#8243; toggle_font=\u00bbAlmarai|700||on|||||\u00bb]<\/p>\n<p>En habitaciones, terrazas, salas, comedores, ba\u00f1os, restaurantes, hoteles, oficinas, cl\u00ednicas, hospitales, colegios, universidades, centros comerciales, tiendas; donde haya fr\u00edo.<\/p>\n<p>[\/et_pb_accordion_item][et_pb_accordion_item title=\u00bb\u00bfES SENCILLA LA INSTALACI\u00d3N?\u00bb open_toggle_text_color=\u00bb#E02B20&#8243; open_toggle_background_color=\u00bbRGBA(255,255,255,0)\u00bb closed_toggle_background_color=\u00bbRGBA(255,255,255,0)\u00bb icon_color=\u00bb#54C046&#8243; _builder_version=\u00bb4.21.0&#8243; _module_preset=\u00bbdefault\u00bb custom_margin=\u00bb||0px|\u00bb custom_padding=\u00bb30px||30px|0px|true\u00bb global_colors_info=\u00bb{}\u00bb toggle_text_color=\u00bb#E02B20&#8243; toggle_font=\u00bbAlmarai|700||on|||||\u00bb open=\u00bboff\u00bb]<\/p>\n<p>S\u00ed, usted lo puede instalar. Para su comodidad, contamos con profesionales para la instalaci\u00f3n y su asesoramiento. Adem\u00e1s, tenemos a su disposici\u00f3n accesorios seg\u00fan su necesidad.<\/p>\n<p>[\/et_pb_accordion_item][et_pb_accordion_item title=\u00bb\u00bfLOS CALEFACTORES RUPHAY SE REPARTEN POR TODO EL PER\u00da?\u00bb open_toggle_text_color=\u00bb#E02B20&#8243; open_toggle_background_color=\u00bbRGBA(255,255,255,0)\u00bb closed_toggle_background_color=\u00bbRGBA(255,255,255,0)\u00bb icon_color=\u00bb#54C046&#8243; _builder_version=\u00bb4.17.3&#8243; _module_preset=\u00bbdefault\u00bb custom_margin=\u00bb||0px|\u00bb custom_padding=\u00bb30px||30px|0px|true\u00bb global_colors_info=\u00bb{}\u00bb toggle_text_color=\u00bb#E02B20&#8243; toggle_font=\u00bbAlmarai|700||on|||||\u00bb open=\u00bboff\u00bb]<\/p>\n<p>S\u00ed, mediante las empresas de transportes m\u00e1s confiables del pa\u00eds. La entrega se realiza entre 48 y 72 horas dependiendo del destino.<\/p>\n<p>[\/et_pb_accordion_item][et_pb_accordion_item title=\u00bb\u00bfCuenta con GARANT\u00cdA?\u00bb open_toggle_text_color=\u00bb#E02B20&#8243; open_toggle_background_color=\u00bbRGBA(255,255,255,0)\u00bb closed_toggle_background_color=\u00bbRGBA(255,255,255,0)\u00bb icon_color=\u00bb#54C046&#8243; _builder_version=\u00bb4.21.0&#8243; _module_preset=\u00bbdefault\u00bb custom_margin=\u00bb||0px|\u00bb custom_padding=\u00bb30px||30px|0px|true\u00bb global_colors_info=\u00bb{}\u00bb toggle_text_color=\u00bb#E02B20&#8243; toggle_font=\u00bbAlmarai|700||on|||||\u00bb open=\u00bboff\u00bb]<\/p>\n<p>s\u00cd, garant\u00eda de a\u00f1o por fallas en los componentes del producto. Posterior asistencia t\u00e9cnica y venta de repuestos.<\/p>\n<p>[\/et_pb_accordion_item][et_pb_accordion_item title=\u00bb\u00bfCOMPRAR LOS CALEFACTORES RUPHAY ES M\u00c1S ECON\u00d3MICO QUE LOS CONVENCIONALES?\u00bb open_toggle_text_color=\u00bb#E02B20&#8243; open_toggle_background_color=\u00bbRGBA(255,255,255,0)\u00bb closed_toggle_background_color=\u00bbRGBA(255,255,255,0)\u00bb icon_color=\u00bb#54C046&#8243; _builder_version=\u00bb4.21.0&#8243; _module_preset=\u00bbdefault\u00bb custom_margin=\u00bb||0px|\u00bb custom_padding=\u00bb30px||30px|0px|true\u00bb global_colors_info=\u00bb{}\u00bb toggle_text_color=\u00bb#E02B20&#8243; toggle_font=\u00bbAlmarai|700||on|||||\u00bb open=\u00bboff\u00bb]<\/p>\n<p>S\u00ed. M\u00e1s econ\u00f3mico es comprar un calefactor RUPHAY.<\/p>\n<p>\u00a0En menos de un a\u00f1o de operaci\u00f3n, el ahorro de energ\u00eda el\u00e9ctrica obtenido por los calefactores RUPHAY es mayor a la diferencia de precio existente con los calefactores convencionales al momento de la decisi\u00f3n de compra.<\/p>\n<p>[\/et_pb_accordion_item][et_pb_accordion_item title=\u00bb\u00bfC\u00d3MO ES EL MANTENIMIENTO? \u00bb open_toggle_text_color=\u00bb#E02B20&#8243; open_toggle_background_color=\u00bbRGBA(255,255,255,0)\u00bb closed_toggle_background_color=\u00bbRGBA(255,255,255,0)\u00bb icon_color=\u00bb#54C046&#8243; _builder_version=\u00bb4.21.0&#8243; _module_preset=\u00bbdefault\u00bb custom_margin=\u00bb||0px|\u00bb custom_padding=\u00bb30px||30px|0px|true\u00bb global_colors_info=\u00bb{}\u00bb toggle_text_color=\u00bb#E02B20&#8243; toggle_font=\u00bbAlmarai|700||on|||||\u00bb open=\u00bboff\u00bb]<\/p>\n<p>Sencillo. Se recomienda semanalmente limpiar con un pa\u00f1o h\u00famedo para retirar polvos y pelusas.<\/p>\n<p>[\/et_pb_accordion_item][et_pb_accordion_item title=\u00bb\u00bfEXISTE UN AHORRO CON RUPHAY? \u00bb open_toggle_text_color=\u00bb#E02B20&#8243; open_toggle_background_color=\u00bbRGBA(255,255,255,0)\u00bb closed_toggle_background_color=\u00bbRGBA(255,255,255,0)\u00bb icon_color=\u00bb#54C046&#8243; _builder_version=\u00bb4.21.0&#8243; _module_preset=\u00bbdefault\u00bb custom_margin=\u00bb||0px|\u00bb custom_padding=\u00bb30px||30px|0px|true\u00bb global_colors_info=\u00bb{}\u00bb toggle_text_color=\u00bb#E02B20&#8243; toggle_font=\u00bbAlmarai|700||on|||||\u00bb open=\u00bboff\u00bb]<\/p>\n<p>S\u00ed, el costo de energ\u00eda el\u00e9ctrica comparada con los calefactores tradicionales es un m\u00ednimo de 35%.<\/p>\n<p>[\/et_pb_accordion_item][et_pb_accordion_item title=\u00bb\u00bfHASTA QUE TEMPERATURA PUEDE CALENTAR?\u00bb open_toggle_text_color=\u00bb#E02B20&#8243; open_toggle_background_color=\u00bbRGBA(255,255,255,0)\u00bb closed_toggle_background_color=\u00bbRGBA(255,255,255,0)\u00bb icon_color=\u00bb#54C046&#8243; _builder_version=\u00bb4.21.0&#8243; _module_preset=\u00bbdefault\u00bb custom_margin=\u00bb||0px|\u00bb custom_padding=\u00bb30px||30px|0px|true\u00bb global_colors_info=\u00bb{}\u00bb toggle_text_color=\u00bb#E02B20&#8243; toggle_font=\u00bbAlmarai|700||on|||||\u00bb open=\u00bboff\u00bb]<\/p>\n<p>Hasta 45\u00ba cent\u00edgrados.<\/p>\n<p>[\/et_pb_accordion_item][et_pb_accordion_item title=\u00bb\u00bfQU\u00c9 ENERG\u00cdA UTILIZAN LOS CALEFACTORES RUPHAY?\u00bb open_toggle_text_color=\u00bb#E02B20&#8243; open_toggle_background_color=\u00bbRGBA(255,255,255,0)\u00bb closed_toggle_background_color=\u00bbRGBA(255,255,255,0)\u00bb icon_color=\u00bb#54C046&#8243; _builder_version=\u00bb4.21.0&#8243; _module_preset=\u00bbdefault\u00bb custom_margin=\u00bb||0px|\u00bb custom_padding=\u00bb30px||30px|0px|true\u00bb global_colors_info=\u00bb{}\u00bb toggle_text_color=\u00bb#E02B20&#8243; toggle_font=\u00bbAlmarai|700||on|||||\u00bb open=\u00bboff\u00bb]<\/p>\n<p>Energ\u00eda El\u00e9ctrica 220 AC, 60 Hz. En casos espec\u00edficos, se puede hacer el estudio respectivo para otro suministro energ\u00e9tico.<\/p>\n<p>[\/et_pb_accordion_item][et_pb_accordion_item title=\u00bb\u00bfCU\u00c1L ES EL PROCESO DE CALENTAMIENTO DE LOS CALEFACTORES RUPHAY? \u00bb open_toggle_text_color=\u00bb#E02B20&#8243; open_toggle_background_color=\u00bbRGBA(255,255,255,0)\u00bb closed_toggle_background_color=\u00bbRGBA(255,255,255,0)\u00bb icon_color=\u00bb#54C046&#8243; _builder_version=\u00bb4.21.0&#8243; _module_preset=\u00bbdefault\u00bb custom_margin=\u00bb||0px|\u00bb custom_padding=\u00bb30px||30px|0px|true\u00bb global_colors_info=\u00bb{}\u00bb toggle_text_color=\u00bb#E02B20&#8243; toggle_font=\u00bbAlmarai|700||on|||||\u00bb open=\u00bboff\u00bb]<\/p>\n<p>El proceso de calefacci\u00f3n posee de dos pasos:<\/p>\n<p>\u00a0En primer lugar, el calefactor emite una luz invisible infrarroja que calienta los cuerpos del ambiente (personas, piso, paredes, muebles, etc.), este proceso se denomina \u201cradiaci\u00f3n\u201d.<\/p>\n<p>\u00a0En segundo lugar, los cuerpos calientes del ambiente transfieren moderadamente la temperatura al aire por un proceso denominado \u201cconvecci\u00f3n\u201d.<\/p>\n<p>[\/et_pb_accordion_item][\/et_pb_accordion][\/et_pb_column][\/et_pb_row][\/et_pb_section][et_pb_section fb_built=\u00bb1&#8243; _builder_version=\u00bb4.21.0&#8243; _module_preset=\u00bbdefault\u00bb background_color=\u00bb#E02B20&#8243; custom_margin=\u00bb0px|||||\u00bb locked=\u00bboff\u00bb global_colors_info=\u00bb{}\u00bb da_is_popup=\u00bboff\u00bb da_exit_intent=\u00bboff\u00bb da_has_close=\u00bbon\u00bb da_alt_close=\u00bboff\u00bb da_dark_close=\u00bboff\u00bb da_not_modal=\u00bbon\u00bb da_is_singular=\u00bboff\u00bb da_with_loader=\u00bboff\u00bb da_has_shadow=\u00bbon\u00bb da_disable_devices=\u00bboff|off|off\u00bb][et_pb_row _builder_version=\u00bb4.21.0&#8243; _module_preset=\u00bbdefault\u00bb global_colors_info=\u00bb{}\u00bb][et_pb_column type=\u00bb4_4&#8243; _builder_version=\u00bb4.21.0&#8243; _module_preset=\u00bbdefault\u00bb global_colors_info=\u00bb{}\u00bb][et_pb_text _builder_version=\u00bb4.21.0&#8243; _module_preset=\u00bbdefault\u00bb text_font=\u00bb|800||on|||||\u00bb text_text_color=\u00bb#FFFFFF\u00bb text_font_size=\u00bb20px\u00bb text_letter_spacing=\u00bb1px\u00bb custom_margin=\u00bb||10px|\u00bb global_colors_info=\u00bb{}\u00bb]<\/p>\n<p style=\"text-align: center;\">\u00bfpor qu\u00e9 elegir ruphay?<\/p>\n<p>[\/et_pb_text][\/et_pb_column][\/et_pb_row][et_pb_row column_structure=\u00bb1_3,1_3,1_3&#8243; _builder_version=\u00bb4.21.0&#8243; _module_preset=\u00bbdefault\u00bb custom_padding=\u00bb3px|||||\u00bb global_colors_info=\u00bb{}\u00bb][et_pb_column type=\u00bb1_3&#8243; _builder_version=\u00bb4.21.0&#8243; _module_preset=\u00bbdefault\u00bb global_colors_info=\u00bb{}\u00bb][et_pb_blurb title=\u00bbEFECTIVIDAD\u00bb use_icon=\u00bbon\u00bb font_icon=\u00bb&#xe0dd;||divi||400&#8243; icon_color=\u00bb#FFFFFF\u00bb image_icon_width=\u00bb32px\u00bb _builder_version=\u00bb4.21.0&#8243; _module_preset=\u00bbdefault\u00bb header_font=\u00bbAlmarai|800|||||||\u00bb header_text_color=\u00bb#FFFFFF\u00bb header_line_height=\u00bb1.8em\u00bb body_font=\u00bb||||||||\u00bb body_text_color=\u00bb#FFFFFF\u00bb body_font_size=\u00bb16px\u00bb body_line_height=\u00bb1.8em\u00bb text_orientation=\u00bbcenter\u00bb icon_font_size=\u00bb32px\u00bb global_colors_info=\u00bb{}\u00bb]<\/p>\n<p>Calienta los sitios m\u00e1s fr\u00edos logrando una gran comodidad.<\/p>\n<p>[\/et_pb_blurb][\/et_pb_column][et_pb_column type=\u00bb1_3&#8243; _builder_version=\u00bb4.21.0&#8243; _module_preset=\u00bbdefault\u00bb global_colors_info=\u00bb{}\u00bb][et_pb_blurb title=\u00bbSEGURIDAD\u00bb use_icon=\u00bbon\u00bb font_icon=\u00bb&#xf505;||fa||900&#8243; icon_color=\u00bb#FFFFFF\u00bb image_icon_width=\u00bb32px\u00bb _builder_version=\u00bb4.21.0&#8243; _module_preset=\u00bbdefault\u00bb header_font=\u00bbAlmarai|800|||||||\u00bb header_text_color=\u00bb#FFFFFF\u00bb header_line_height=\u00bb1.8em\u00bb body_font=\u00bb||||||||\u00bb body_text_color=\u00bb#FFFFFF\u00bb body_font_size=\u00bb16px\u00bb body_line_height=\u00bb1.8em\u00bb text_orientation=\u00bbcenter\u00bb icon_font_size=\u00bb32px\u00bb global_colors_info=\u00bb{}\u00bb]<\/p>\n<p>Cuenta con certificaciones IP44, CE, ISO9001, Directiva RoHS y Directiva SAA.<\/p>\n<p>[\/et_pb_blurb][\/et_pb_column][et_pb_column type=\u00bb1_3&#8243; _builder_version=\u00bb4.21.0&#8243; _module_preset=\u00bbdefault\u00bb global_colors_info=\u00bb{}\u00bb][et_pb_blurb title=\u00bbEFICIENCIA\u00bb use_icon=\u00bbon\u00bb font_icon=\u00bb&#xf4c0;||fa||900&#8243; icon_color=\u00bb#FFFFFF\u00bb image_icon_width=\u00bb32px\u00bb _builder_version=\u00bb4.21.0&#8243; _module_preset=\u00bbdefault\u00bb header_font=\u00bbAlmarai|800|||||||\u00bb header_text_color=\u00bb#FFFFFF\u00bb header_line_height=\u00bb1.8em\u00bb body_font=\u00bb||||||||\u00bb body_text_color=\u00bb#FFFFFF\u00bb body_font_size=\u00bb16px\u00bb body_line_height=\u00bb1.8em\u00bb text_orientation=\u00bbcenter\u00bb icon_font_size=\u00bb32px\u00bb global_colors_info=\u00bb{}\u00bb]<\/p>\n<p>Calienta con un gran ahorro de energ\u00eda, m\u00ednimo 35%.<\/p>\n<p>[\/et_pb_blurb][\/et_pb_column][\/et_pb_row][et_pb_row column_structure=\u00bb1_3,1_3,1_3&#8243; _builder_version=\u00bb4.21.0&#8243; _module_preset=\u00bbdefault\u00bb global_colors_info=\u00bb{}\u00bb][et_pb_column type=\u00bb1_3&#8243; _builder_version=\u00bb4.21.0&#8243; _module_preset=\u00bbdefault\u00bb global_colors_info=\u00bb{}\u00bb][et_pb_blurb title=\u00bbUBICABILIDAD\u00bb use_icon=\u00bbon\u00bb font_icon=\u00bb&#xe052;||divi||400&#8243; icon_color=\u00bb#FFFFFF\u00bb image_icon_width=\u00bb32px\u00bb _builder_version=\u00bb4.21.0&#8243; _module_preset=\u00bbdefault\u00bb header_font=\u00bbAlmarai|800|||||||\u00bb header_text_color=\u00bb#FFFFFF\u00bb header_line_height=\u00bb1.8em\u00bb body_font=\u00bb||||||||\u00bb body_text_color=\u00bb#FFFFFF\u00bb body_font_size=\u00bb16px\u00bb body_line_height=\u00bb1.8em\u00bb text_orientation=\u00bbcenter\u00bb icon_font_size=\u00bb32px\u00bb global_colors_info=\u00bb{}\u00bb]<\/p>\n<p>De f\u00e1cil instalaci\u00f3n y\/o reubicaci\u00f3n.<\/p>\n<p>[\/et_pb_blurb][\/et_pb_column][et_pb_column type=\u00bb1_3&#8243; _builder_version=\u00bb4.21.0&#8243; _module_preset=\u00bbdefault\u00bb global_colors_info=\u00bb{}\u00bb][et_pb_blurb title=\u00bbPRACTICIDAD\u00bb use_icon=\u00bbon\u00bb font_icon=\u00bb&#xf3cd;||fa||900&#8243; icon_color=\u00bb#FFFFFF\u00bb image_icon_width=\u00bb32px\u00bb _builder_version=\u00bb4.21.0&#8243; _module_preset=\u00bbdefault\u00bb header_font=\u00bbAlmarai|800|||||||\u00bb header_text_color=\u00bb#FFFFFF\u00bb header_line_height=\u00bb1.8em\u00bb body_font=\u00bb||||||||\u00bb body_text_color=\u00bb#FFFFFF\u00bb body_font_size=\u00bb16px\u00bb body_line_height=\u00bb1.8em\u00bb text_orientation=\u00bbcenter\u00bb icon_font_size=\u00bb32px\u00bb global_colors_info=\u00bb{}\u00bb]<\/p>\n<p>Manejo autom\u00e1tico de la temperatura, programaci\u00f3n por control remoto y\/o app m\u00f3vil desde donde te encuentres.<\/p>\n<p>[\/et_pb_blurb][\/et_pb_column][et_pb_column type=\u00bb1_3&#8243; _builder_version=\u00bb4.21.0&#8243; _module_preset=\u00bbdefault\u00bb global_colors_info=\u00bb{}\u00bb][et_pb_blurb title=\u00bbTIEMPO DE VIDA\u00bb use_icon=\u00bbon\u00bb font_icon=\u00bb&#xf1da;||fa||900&#8243; icon_color=\u00bb#FFFFFF\u00bb image_icon_width=\u00bb32px\u00bb _builder_version=\u00bb4.21.0&#8243; _module_preset=\u00bbdefault\u00bb header_font=\u00bbAlmarai|800|||||||\u00bb header_text_color=\u00bb#FFFFFF\u00bb header_line_height=\u00bb1.8em\u00bb body_font=\u00bb||||||||\u00bb body_text_color=\u00bb#FFFFFF\u00bb body_font_size=\u00bb16px\u00bb body_line_height=\u00bb1.8em\u00bb text_orientation=\u00bbcenter\u00bb icon_font_size=\u00bb32px\u00bb global_colors_info=\u00bb{}\u00bb]<\/p>\n<p>10 a\u00f1os<\/p>\n<p>[\/et_pb_blurb][\/et_pb_column][\/et_pb_row][\/et_pb_section]<\/p>\n","protected":false},"excerpt":{"rendered":"<p>ROOFTOPSEn habitaciones, terrazas, salas, comedores, ba\u00f1os, restaurantes, hoteles, oficinas, cl\u00ednicas, hospitales, colegios, universidades, centros comerciales, tiendas; donde haya fr\u00edo.S\u00ed, usted lo puede instalar. Para su comodidad, contamos con profesionales para la instalaci\u00f3n y su asesoramiento. Adem\u00e1s, tenemos a su disposici\u00f3n accesorios seg\u00fan su necesidad.S\u00ed, mediante las empresas de transportes m\u00e1s confiables del pa\u00eds. La entrega [&hellip;]<\/p>\n","protected":false},"author":1,"featured_media":0,"parent":166,"menu_order":0,"comment_status":"closed","ping_status":"closed","template":"","meta":{"_et_pb_use_builder":"on","_et_pb_old_content":"","_et_gb_content_width":"","footnotes":""},"class_list":["post-203","page","type-page","status-publish","hentry"],"_links":{"self":[{"href":"https:\/\/getec.com.pe\/index.php\/wp-json\/wp\/v2\/pages\/203","targetHints":{"allow":["GET"]}}],"collection":[{"href":"https:\/\/getec.com.pe\/index.php\/wp-json\/wp\/v2\/pages"}],"about":[{"href":"https:\/\/getec.com.pe\/index.php\/wp-json\/wp\/v2\/types\/page"}],"author":[{"embeddable":true,"href":"https:\/\/getec.com.pe\/index.php\/wp-json\/wp\/v2\/users\/1"}],"replies":[{"embeddable":true,"href":"https:\/\/getec.com.pe\/index.php\/wp-json\/wp\/v2\/comments?post=203"}],"version-history":[{"count":4,"href":"https:\/\/getec.com.pe\/index.php\/wp-json\/wp\/v2\/pages\/203\/revisions"}],"predecessor-version":[{"id":467,"href":"https:\/\/getec.com.pe\/index.php\/wp-json\/wp\/v2\/pages\/203\/revisions\/467"}],"up":[{"embeddable":true,"href":"https:\/\/getec.com.pe\/index.php\/wp-json\/wp\/v2\/pages\/166"}],"wp:attachment":[{"href":"https:\/\/getec.com.pe\/index.php\/wp-json\/wp\/v2\/media?parent=203"}],"curies":[{"name":"wp","href":"https:\/\/api.w.org\/{rel}","templated":true}]}}